{"id":3150,"date":"2015-08-05T09:31:42","date_gmt":"2015-08-05T07:31:42","guid":{"rendered":"http:\/\/afi-ipl.org\/afi-barometer\/?lang=it"},"modified":"2017-10-20T16:50:10","modified_gmt":"2017-10-20T14:50:10","slug":"barometro-ipl","status":"publish","type":"page","link":"https:\/\/projekt.afi-ipl.org\/it\/barometro-ipl\/","title":{"rendered":"Barometro IPL"},"content":{"rendered":"<h3 style=\"text-align: justify;\">Il clima di fiducia dei lavoratori e delle lavoratrici dipendenti in Alto Adige<\/h3>\n<p style=\"text-align: justify;\">Come vedono il futuro dell\u2019economia locale i circa 200.000 lavoratori dipendenti in Alto Adige? Quali sono i fattori pi\u00f9 stressanti sul posto di lavoro? Come valutano gli intervistati il rischio di perdere il proprio impiego? E, se ci\u00f2 avvenisse, quante difficolt\u00e0 incontrerebbero per trovare un\u2019occupazione equiparabile? Queste sono solo alcune delle domande che vengono poste nell&#8217;ambito del barometro IPL.<\/p>\n<p style=\"text-align: justify;\">Il barometro IPL \u00e8 un\u2019indagine telefonica rappresentativa che interessa 500 lavoratori dipendenti altoatesini e che viene svolta quattro volte all\u2019anno, precisamente nei mesi di marzo, giugno, settembre e dicembre. Il barometro IPL intende cos\u00ec delineare il quadro del clima di fiducia dei lavoratori e delle lavoratrici dipendenti in Alto Adige.<\/p>\n","protected":false},"excerpt":{"rendered":"<p>Il clima di fiducia dei lavoratori e delle lavoratrici dipendenti in Alto Adige Come vedono il futuro dell\u2019economia locale i circa 200.000 lavoratori dipendenti in Alto Adige? Quali sono i fattori pi\u00f9 stressanti sul posto di lavoro? Come valutano gli intervistati il rischio di perdere il proprio impiego? E, se ci\u00f2 avvenisse, quante difficolt\u00e0 incontrerebbero [&hellip;]<\/p>\n","protected":false},"author":1,"featured_media":681,"parent":0,"menu_order":0,"comment_status":"closed","ping_status":"closed","template":"template-afi-barometer.php","meta":{"_monsterinsights_skip_tracking":false,"_monsterinsights_sitenote_active":false,"_monsterinsights_sitenote_note":"","_monsterinsights_sitenote_category":0},"acf":[],"_links":{"self":[{"href":"https:\/\/projekt.afi-ipl.org\/it\/wp-json\/wp\/v2\/pages\/3150"}],"collection":[{"href":"https:\/\/projekt.afi-ipl.org\/it\/wp-json\/wp\/v2\/pages"}],"about":[{"href":"https:\/\/projekt.afi-ipl.org\/it\/wp-json\/wp\/v2\/types\/page"}],"author":[{"embeddable":true,"href":"https:\/\/projekt.afi-ipl.org\/it\/wp-json\/wp\/v2\/users\/1"}],"replies":[{"embeddable":true,"href":"https:\/\/projekt.afi-ipl.org\/it\/wp-json\/wp\/v2\/comments?post=3150"}],"version-history":[{"count":4,"href":"https:\/\/projekt.afi-ipl.org\/it\/wp-json\/wp\/v2\/pages\/3150\/revisions"}],"predecessor-version":[{"id":6805,"href":"https:\/\/projekt.afi-ipl.org\/it\/wp-json\/wp\/v2\/pages\/3150\/revisions\/6805"}],"wp:featuredmedia":[{"embeddable":true,"href":"https:\/\/projekt.afi-ipl.org\/it\/wp-json\/wp\/v2\/media\/681"}],"wp:attachment":[{"href":"https:\/\/projekt.afi-ipl.org\/it\/wp-json\/wp\/v2\/media?parent=3150"}],"curies":[{"name":"wp","href":"https:\/\/api.w.org\/{rel}","templated":true}]}}