{"id":26087,"date":"2017-02-03T11:08:31","date_gmt":"2017-02-03T10:08:31","guid":{"rendered":"http:\/\/afi-ipl.org\/newsletter\/"},"modified":"2019-08-27T15:44:10","modified_gmt":"2019-08-27T13:44:10","slug":"newsletter","status":"publish","type":"page","link":"https:\/\/projekt.afi-ipl.org\/it\/newsletter\/","title":{"rendered":"Newsletter"},"content":{"rendered":"<p><!-- Begin Mailchimp Signup Form -->\n \t<link href=\"\/\/cdn-images.mailchimp.com\/embedcode\/classic-10_7.css\" rel=\"stylesheet\" type=\"text\/css\">\n<style type=\"text\/css\">\n\t#mc_embed_signup{background:#fff; clear:left; font:14px Helvetica,Arial,sans-serif; }<br \/>\n\t\/* Add your own Mailchimp form style overrides in your site stylesheet or in this style block.<br \/>\n\t   We recommend moving this block and the preceding CSS link to the HEAD of your HTML file. *\/<br \/>\n<\/style>\n<style type=\"text\/css\">\n\t#mc-embedded-subscribe-form input[type=checkbox]{display: inline; width: auto;margin-right: 10px;}<br \/>\n\t#mergeRow-gdpr {margin-top: 20px;}<br \/>\n\t#mergeRow-gdpr fieldset label {font-weight: normal;}<br \/>\n\t#mc-embedded-subscribe-form .mc_fieldset{border:none;min-height: 0px;padding-bottom:0px;}<br \/>\n<\/style>\n<div id=\"mc_embed_signup\">\n<form action=\"https:\/\/afi-ipl.us14.list-manage.com\/subscribe\/post?u=4db8d0f987575d74d26c699c7&amp;id=f60d808f79\" method=\"post\" id=\"mc-embedded-subscribe-form\" name=\"mc-embedded-subscribe-form\" class=\"validate\" target=\"_blank\" novalidate=\"\">\n<div id=\"mc_embed_signup_scroll\">\n<h2>Subscribe<\/h2>\n<div class=\"indicates-required\"><span class=\"asterisk\">*<\/span> indicates required<\/div>\n<div class=\"mc-field-group\">\n\t<label for=\"mce-EMAIL\">E-Mail-Adresse | Indirizzo E-Mail  <span class=\"asterisk\">*<\/span><br \/>\n<\/label><br \/>\n<input type=\"email\" value=\"\" name=\"EMAIL\" class=\"required email\" id=\"mce-EMAIL\"><\/div>\n<div class=\"mc-field-group\">\n\t<label for=\"mce-FNAME\">Name | Nome  <span class=\"asterisk\">*<\/span><br \/>\n<\/label><br \/>\n<input type=\"text\" value=\"\" name=\"FNAME\" class=\"required\" id=\"mce-FNAME\"><\/div>\n<div class=\"mc-field-group\">\n\t<label for=\"mce-LNAME\">Nachname | Cognome  <span class=\"asterisk\">*<\/span><br \/>\n<\/label><br \/>\n<input type=\"text\" value=\"\" name=\"LNAME\" class=\"required\" id=\"mce-LNAME\"><\/div>\n<div class=\"mc-field-group\">\n\t<label for=\"mce-MMERGE3\">Organisation | Organizzazione  <span class=\"asterisk\">*<\/span><br \/>\n<\/label><br \/>\n<input type=\"text\" value=\"\" name=\"MMERGE3\" class=\"required\" id=\"mce-MMERGE3\"><\/div>\n<div class=\"mc-field-group\">\n\t<label for=\"mce-MMERGE4\">Website <\/label><br \/>\n<input type=\"url\" value=\"\" name=\"MMERGE4\" class=\" url\" id=\"mce-MMERGE4\"><\/div>\n<div id=\"mergeRow-gdpr\" class=\"mergeRow gdpr-mergeRow content__gdprBlock mc-field-group\">\n<div class=\"content__gdpr\">\n        <label>Privacy Policy<\/label><\/p>\n<p>Sehr geehrter User,<br \/>\ndie von Ihnen gelieferten personenbezogenen Daten werden in \u00dcbereinstimmung mit den Grunds\u00e4tzen der Rechtm\u00e4\u00dfigkeit, der Korrektheit und der Nicht\u00fcberschreitung verarbeitet, nur f\u00fcr die Einschreibung zum Newsletter. F\u00fcr diesen Zweck ist die \u00dcbermittlung der Daten erforderlich \u2013 werden die Daten nicht bereitgestellt, ist es nicht m\u00f6glich, mit der Einschreibung fortzusetzen. Die angegebenen Daten k\u00f6nnen vom externen Unternehmen (Mailchimp, USA) angesehen werden, das die Benutzerdatenbank verwaltet, in die Ihre personenbezogenen Daten f\u00fcr den Newsletter eingef\u00fcgt werden. Ihre Daten werden auf einem Server in den USA aufbewahrt: Sicherheitsma\u00dfnahmen zum Schutz Ihrer Daten werden im Rahmen des EU-USA- Privacy Shield garantiert (f\u00fcr weitere Informationen \u00fcber die von Mailchimp durchgef\u00fchrte Datenverarbeitung: Datenschutzerkl\u00e4rung von Mailchimp https:\/\/mailchimp.com\/legal\/privacy)<br \/>\nDie uns zur Verf\u00fcgung gestellten Daten werden in \u00dcbereinstimmung mit den gesetzlich vorgeschriebenen Aufbewahrungszeiten der Daten und Dokumenten aufbewahrt. Jederzeit k\u00f6nnen Sie den Newsletter abmelden. Wir informieren Sie, dass die Daten in automatisierten Entscheidungsprozessen nicht enthalten sind.<br \/>\nDer Verantwortliche f\u00fcr die Datenverarbeitung ist das AFI | Arbeitsf\u00f6rderungsinstitut mit Sitz in Bozen (BZ), Landhaus 12, Kanonikus-Michael-Gamper-Stra\u00dfe 1 (Tel. 0471\/418830; E-Mail- Adresse info@afi-ipl.org)<br \/>\nWir weisen Sie au\u00dferdem darauf hin, dass Sie jederzeit Ihre Rechte geltend machen k\u00f6nnen, indem Sie den Verantwortlichen f\u00fcr die Datenverarbeitung auffordern, auf die Daten zuzugreifen, oder deren L\u00f6schung, Berichtigung oder Einschr\u00e4nkung der Verarbeitung zu beantragen. Sie haben auch das Recht, sich an die Aufsichtsbeh\u00f6rde zu wenden, wenn Sie der Ansicht sind, dass Ihre Daten rechtswidrig oder nicht ordnungsgem\u00e4\u00df verarbeitet wurden.&#8212;&#8212;&#8212;&#8212;&#8212;&#8212;&#8212;&#8212;&#8212;&#8212;&#8212;&#8212;&#8212;&#8212;&#8212;&#8212;&#8212;&#8212;&#8212;&#8212;&#8212;&#8212;&#8212;&#8212;&#8212;&#8212;&#8212;&#8212;&#8212;&#8212;&#8212;&#8212;&#8212;&#8212;&#8212;&#8212;&#8212;&#8212;&#8212;&#8212;&#8212;&#8212;&#8212;&#8212;&#8212;&#8212;<br \/>\nGentile Utente, i dati personali da Lei forniti saranno trattati secondo i principi di liceit\u00e0, correttezza e non eccedenza e saranno utilizzati unicamente per l\u2019invio di newsletter. Per tali finalit\u00e0 il conferimento dei dati \u00e8 obbligatorio, e un mancato conferimento comporta l\u2019impossibilit\u00e0 di dare esecuzione alla prestazione richiesta.<br \/>\nI dati raccolti potranno essere visualizzati dalla struttura esterna (Mailchimp, USA) che si occupa della gestione del database utenti in cui verranno inseriti i suoi dati personali per l\u2019invio di newsletter. I Suoi dati sono conservati su server statunitense: garanzie di tutela e sicurezza dei dati personali vengono garantiti nell\u2019ambito di applicazione del EU-USA-Privacy Shield (per maggiori dettagli sul trattamento dati effettuato da Mailchimp si rinvia alla relativa informativa privacy https:\/\/mailchimp.com\/legal\/privacy).<br \/>\nI dati da Lei conferiti saranno conservati nel rispetto dei tempi di conservazione dei dati e dei documenti previsti dalla legge, fino a Sua comunicazione in cui ci comunica di volersi disiscrivere. Le comunichiamo che i Suoi dati non sono inseriti in processi decisionali automatizzati.<br \/>\nTitolare del trattamento \u00e8 IPL | Istituto Promozione Lavoratori, con sede a Bolzano (BZ), Palazzo provinciale 12, Via Canonico Michael Gamper n.1 (Tel. 0471\/418830; indirizzo e-mail info@afi-ipl.org).<br \/>\nLe ricordiamo inoltre che in qualsiasi momento potr\u00e0 far valere i Suoi diritti, richiedendo al Titolare del trattamento l\u2019accesso ai dati, oppure la loro cancellazione, rettificazione o limitazione del trattamento. \u00c8 inoltre Sua facolt\u00e0 rivolgersi all\u2019autorit\u00e0 di controllo laddove ritenga che i Suoi dati siano stati trattati in modo illegittimo o non conforme.<\/p>\n<fieldset class=\"mc_fieldset gdprRequired mc-field-group\" name=\"interestgroup_field\">\n\t\t<label class=\"checkbox subfield\" for=\"gdpr_2123\"><input type=\"checkbox\" id=\"gdpr_2123\" name=\"gdpr[2123]\" value=\"Y\" class=\"av-checkbox gdpr\"><span>Ich stimme zu Verarbeitung der angegebenen Daten f\u00fcr die Einschreibung zum Newsletter | Acconsento al trattamento dei dati per l\u2019iscrizione alla newsletter<\/span> <\/label><\/fieldset>\n<p>Sie k\u00f6nnen Ihre Meinung jederzeit \u00e4ndern, indem Sie auf den Abbestellungs-Link klicken, den Sie in der Fu\u00dfzeile jeder E-Mail, die Sie von uns erhalten, finden k\u00f6nnen, oder indem Sie uns unter press@afi-ipl.org kontaktieren.              |                Pu\u00f2 cambiare idea in ogni momento, cliccando sul link apposito che trova al termine di ogni E-mail che riceve da noi, oppure contattandoci all&#8217;indirizzo email press@afi-ipl.org.<\/p>\n<\/div>\n<div class=\"content__gdprLegal\">\n<p>We use Mailchimp as our marketing platform. By clicking below to subscribe, you acknowledge that your information will be transferred to Mailchimp for processing. <a href=\"https:\/\/mailchimp.com\/legal\/\" target=\"_blank\">Learn more about Mailchimp&#8217;s privacy practices here.<\/a><\/p>\n<\/div>\n<\/div>\n<div id=\"mce-responses\" class=\"clear\">\n<div class=\"response\" id=\"mce-error-response\" style=\"display:none\"><\/div>\n<div class=\"response\" id=\"mce-success-response\" style=\"display:none\"><\/div>\n<\/div>\n<p><!-- real people should not fill this in and expect good things - do not remove this or risk form bot signups--><\/p>\n<div style=\"position: absolute; left: -5000px;\" aria-hidden=\"true\"><input type=\"text\" name=\"b_4db8d0f987575d74d26c699c7_f60d808f79\" tabindex=\"-1\" value=\"\"><\/div>\n<div class=\"clear\"><input type=\"submit\" value=\"Subscribe\" name=\"subscribe\" id=\"mc-embedded-subscribe\" class=\"button\"><\/div>\n<\/div>\n<\/form>\n<\/div>\n<p><script type=\"text\/javascript\" src=\"\/\/s3.amazonaws.com\/downloads.mailchimp.com\/js\/mc-validate.js\"><\/script><script type=\"text\/javascript\">(function($) {window.fnames = new Array(); window.ftypes = new Array();fnames[0]='EMAIL';ftypes[0]='email';fnames[1]='FNAME';ftypes[1]='text';fnames[2]='LNAME';ftypes[2]='text';fnames[3]='MMERGE3';ftypes[3]='text';fnames[4]='MMERGE4';ftypes[4]='url'; \/*<br \/>\n * Translated default messages for the $ validation plugin.<br \/>\n * Locale: IT<br \/>\n *\/<br \/>\n$.extend($.validator.messages, {<br \/>\n       required: \"Campo obbligatorio.\",<br \/>\n       remote: \"Controlla questo campo.\",<br \/>\n       email: \"Inserisci un indirizzo email valido.\",<br \/>\n       url: \"Inserisci un indirizzo web valido.\",<br \/>\n       date: \"Inserisci una data valida.\",<br \/>\n       dateISO: \"Inserisci una data valida (ISO).\",<br \/>\n       number: \"Inserisci un numero valido.\",<br \/>\n       digits: \"Inserisci solo numeri.\",<br \/>\n       creditcard: \"Inserisci un numero di carta di credito valido.\",<br \/>\n       equalTo: \"Il valore non corrisponde.\",<br \/>\n       accept: \"Inserisci un valore con un&apos;estensione valida.\",<br \/>\n       maxlength: $.validator.format(\"Non inserire pi&ugrave; di {0} caratteri.\"),<br \/>\n       minlength: $.validator.format(\"Inserisci almeno {0} caratteri.\"),<br \/>\n       rangelength: $.validator.format(\"Inserisci un valore compreso tra {0} e {1} caratteri.\"),<br \/>\n       range: $.validator.format(\"Inserisci un valore compreso tra {0} e {1}.\"),<br \/>\n       max: $.validator.format(\"Inserisci un valore minore o uguale a {0}.\"),<br \/>\n       min: $.validator.format(\"Inserisci un valore maggiore o uguale a {0}.\")<br \/>\n});}(jQuery));var $mcj = jQuery.noConflict(true);<\/script><br \/>\n<!--End mc_embed_signup--><\/p>\n<!-- AddThis Advanced Settings generic via filter on the_content --><!-- AddThis Share Buttons generic via filter on the_content -->","protected":false},"excerpt":{"rendered":"<p>Subscribe * indicates required E-Mail-Adresse | Indirizzo E-Mail * Name | Nome * Nachname | Cognome * Organisation | Organizzazione * Website Privacy Policy Sehr geehrter User, die von Ihnen gelieferten personenbezogenen Daten werden in \u00dcbereinstimmung mit den Grunds\u00e4tzen der Rechtm\u00e4\u00dfigkeit, der Korrektheit und der Nicht\u00fcberschreitung verarbeitet, nur f\u00fcr die Einschreibung zum Newsletter. F\u00fcr diesen [&hellip;]<!-- AddThis Advanced Settings generic via filter on get_the_excerpt --><!-- AddThis Share Buttons generic via filter on get_the_excerpt --><\/p>\n","protected":false},"author":20,"featured_media":0,"parent":0,"menu_order":0,"comment_status":"closed","ping_status":"closed","template":"","meta":{"_monsterinsights_skip_tracking":false,"_monsterinsights_sitenote_active":false,"_monsterinsights_sitenote_note":"","_monsterinsights_sitenote_category":0},"acf":[],"_links":{"self":[{"href":"https:\/\/projekt.afi-ipl.org\/it\/wp-json\/wp\/v2\/pages\/26087"}],"collection":[{"href":"https:\/\/projekt.afi-ipl.org\/it\/wp-json\/wp\/v2\/pages"}],"about":[{"href":"https:\/\/projekt.afi-ipl.org\/it\/wp-json\/wp\/v2\/types\/page"}],"author":[{"embeddable":true,"href":"https:\/\/projekt.afi-ipl.org\/it\/wp-json\/wp\/v2\/users\/20"}],"replies":[{"embeddable":true,"href":"https:\/\/projekt.afi-ipl.org\/it\/wp-json\/wp\/v2\/comments?post=26087"}],"version-history":[{"count":28,"href":"https:\/\/projekt.afi-ipl.org\/it\/wp-json\/wp\/v2\/pages\/26087\/revisions"}],"predecessor-version":[{"id":49744,"href":"https:\/\/projekt.afi-ipl.org\/it\/wp-json\/wp\/v2\/pages\/26087\/revisions\/49744"}],"wp:attachment":[{"href":"https:\/\/projekt.afi-ipl.org\/it\/wp-json\/wp\/v2\/media?parent=26087"}],"curies":[{"name":"wp","href":"https:\/\/api.w.org\/{rel}","templated":true}]}}