{"id":14213,"date":"2016-04-27T11:25:38","date_gmt":"2016-04-27T09:25:38","guid":{"rendered":"http:\/\/afi-ipl.org\/it\/privacy-policy\/"},"modified":"2022-05-04T18:06:36","modified_gmt":"2022-05-04T16:06:36","slug":"privacy-policy","status":"publish","type":"page","link":"https:\/\/projekt.afi-ipl.org\/it\/privacy-policy\/","title":{"rendered":"Privacy Policy"},"content":{"rendered":"<p><strong>PRIVACY POLICY AI SENSI DELL\u2019ART. 13 DEL GDPR 2016\/679<\/strong><\/p>\n<p style=\"text-align: justify;\">In questa pagina si descrivono le modalit\u00e0 di gestione del sito in riferimento al trattamento dei dati personali degli utenti che lo consultano.<br>\nLa presente informativa \u00e8 resa ai sensi dell\u2019art. 13 del Regolamento Europeo 2016\/679 sulla protezione dei dati personali a coloro che interagiscono con le pagine web dell\u2019IPL | Istituto Promozione Lavoratori.<br>\nL\u2019informativa \u00e8 resa solo per il sito dell\u2019IPL | Istituto Promozione Lavoratori e non anche per altri siti web eventualmente consultati dall\u2019utente tramite link. In considerazione di ci\u00f2, La informiamo circa quanto segue.<\/p>\n<p style=\"text-align: justify;\"><strong>Titolare del trattamento e diritti dell\u2019interessato: <\/strong>titolare del trattamento \u00e8 l\u2019IPL | Istituto Promozione Lavoratori, con sede a Bolzano (BZ), Palazzo provinciale 12, Via Canonico Michael Gamper n.1, al quale potr\u00e0 rivolgersi per ogni informazione nonch\u00e9 per l\u2019esercizio dei Suoi diritti previsti dalla normativa (accesso ai dati, cancellazione, rettificazione o limitazione del trattamento), mediante contatto telefonico 0471\/418830 oppure comunicazione e-mail info@afi-ipl.org. \u00c8 inoltre facolt\u00e0 dell\u2019utente rivolgersi all\u2019autorit\u00e0 di controllo laddove ritenga che i Suoi dati siano stati trattati in modo illegittimo o non conforme.<\/p>\n<p style=\"text-align: justify;\"><strong>Responsabile della protezione dei dati:<\/strong> il Titolare del trattamento ha provveduto alla nomina di un responsabile della protezione dei dati, individuato in: Renorm S.r.l., Via Macello n. 50, 39100 Bolzano, Referente: dott. Andrea Avanzo, e-mail: a.avanzo@renorm.it<\/p>\n<p style=\"text-align: justify;\"><strong>Dati oggetto di trattamento. <\/strong><strong>I dati oggetto di trattamento attraverso il sito web sono:<\/strong><br>\n<strong>\u2022 i dati di navigazione (Log Files):<\/strong>&nbsp;i sistemi informatici e le procedure software preposte al funzionamento di questo sito web acquisiscono, nel corso del loro normale esercizio, alcuni dati personali la cui trasmissione \u00e8 implicita nell\u2019uso dei protocolli di comunicazione di Internet. Si tratta di informazioni che non sono raccolte per essere associate a interessati identificati, ma che per loro stessa natura potrebbero, attraverso elaborazioni ed associazioni con dati detenuti da terzi, permettere di identificare gli utenti. Tali informazioni contengono solo dati relativi alla navigazione degli utenti e nessun dato personale degli stessi. In questa categoria di dati rientrano gli indirizzi IP o i nomi a dominio dei computer utilizzati dagli utenti che si connettono al sito, gli indirizzi in notazione URI (Uniform Resource Identifier) delle risorse richieste, l\u2019orario della richiesta, il metodo utilizzato nel sottoporre la richiesta al server, la dimensione del file ottenuto in risposta, il codice numerico indicante lo stato della risposta data dal server (buon fine, errore, ecc.) ed altri parametri relativi al sistema operativo e all\u2019ambiente informatico dell\u2019utente. Questi dati sono utilizzati per erogare il servizio richiesto ed al fine di ricavare informazioni statistiche anonime sull\u2019uso del sito e per controllarne il corretto funzionamento. I dati potrebbero essere utilizzati per l\u2019accertamento di responsabilit\u00e0 in caso di ipotetici reati informatici ai danni del sito;<br>\n<strong>\u2022 i dati forniti volontariamente dall\u2019utente per l\u2019invio di una richiesta:<\/strong>&nbsp;l\u2019invio facoltativo, esplicito e volontario di posta elettronica agli indirizzi indicati su questo sito comporta la successiva acquisizione dell\u2019indirizzo del mittente, necessario per rispondere alle richieste, nonch\u00e9 degli eventuali altri dati personali inseriti nella missiva. Specifiche informative di sintesi e la specifica richiesta di consenso verranno progressivamente riportate o visualizzate nelle pagine del sito predisposte per particolari servizi a richiesta;<br>\n<strong>\u2022 i dati forniti volontariamente dall\u2019utente per l\u2019iscrizione alla newsletter:<\/strong>&nbsp;il Titolare del trattamento, l\u2019Istituto Promozione Lavoratori (IPL), a cui potr\u00e0 rivolgersi per ogni necessit\u00e0, comunica che i dati conferiti tramite il form a ci\u00f2 predisposto e presente sul sito saranno utilizzati unicamente per l\u2019invio della newsletter periodica e in generale per ricevere aggiornamenti circa le attivit\u00e0 effettuare da IPL. I dati saranno trattati con modalit\u00e0 cartacee ed informatizzate. Il conferimento dei dati \u00e8 obbligatorio, un mancato conferimento comporter\u00e0 l\u2019impossibilit\u00e0 di procedere con l\u2019iscrizione. I dati non saranno in alcun modo diffusi o comunicati a terzi.<\/p>\n<p style=\"text-align: justify;\"><strong>Natura del conferimento:<\/strong>&nbsp;a parte quanto specificato per i dati di navigazione, l\u2019utente \u00e8 libero di fornire i dati personali riportati nei moduli di richiesta all\u2019Ente. Il loro mancato conferimento pu\u00f2 comportare l\u2019impossibilit\u00e0 di ottenere quanto richiesto.<\/p>\n<p style=\"text-align: justify;\"><strong>Finalit\u00e0 del trattamento:<\/strong>&nbsp;il trattamento dei dati liberamente inseriti dall\u2019utente sar\u00e0 finalizzato per dare riscontro alle richieste pervenute.<\/p>\n<p style=\"text-align: justify;\"><strong>Modalit\u00e0 di trattamento:<\/strong>&nbsp;i dati raccolti potranno essere trattati con modalit\u00e0 cartacee e con strumenti elettronici. Specifiche misure di sicurezza sono osservate per prevenire la perdita dei dati, usi illeciti o non corretti ed accessi non autorizzati.<\/p>\n<p style=\"text-align: justify;\"><strong>Conservazione dei dati: <\/strong>i&nbsp;dati saranno conservati per il tempo strettamente necessario a conseguire gli scopi per cui sono stati raccolti.<\/p>\n<p style=\"text-align: justify;\"><strong>Soggetti preposti al trattamento e comunicazione dei dati a terzi:<\/strong> i&nbsp;dati verranno trattati solo da personale autorizzato nonch\u00e9 comunicati ai soli soggetti esterni appositamente preposti alla gestione del sito e all&#8217;assistenza tecnica al sistema informativo del titolare: tale comunicazione risulta di natura obbligatoria, in quanto una mancata comunicazione comporterebbe l\u2019impossibilit\u00e0 di dar seguito alla richiesta presentata. I dati conferiti non verranno in alcun modo diffusi, ove per diffusione si intende darne conoscenza a soggetti indeterminati attraverso qualunque modalit\u00e0.<\/p>\n<p style=\"text-align: justify;\"><strong>Trasferimento dei dati: <\/strong>i&nbsp;dati raccolti tramite sito web non saranno in alcun modo trasferiti o comunicati verso Paesi terzi al di fuori dell\u2019Unione Europea.<\/p>\n<p style=\"text-align: justify;\"><strong>Processi decisionali automatizzati: <\/strong>le comunichiamo inoltre che i Suoi dati non sono inseriti in processi decisionali automatizzati.<\/p>\n<p style=\"text-align: justify;\"><strong>Cookie Policy<\/strong><br>\nNessun dato personale degli utenti viene in proposito acquisito dal sito. Non viene fatto uso di cookies per la trasmissione di informazioni di carattere personale. L\u2019uso di c.d. cookies di sessione (che non vengono memorizzati in modo persistente sul computer dell\u2019utente e svaniscono con la chiusura del browser) \u00e8 strettamente limitato alla trasmissione di identificativi di sessione (costituiti da numeri casuali generati dal server) necessari per consentire l\u2019esplorazione sicura ed efficiente del sito. I c.d. cookies di sessione utilizzati in questo sito evitano il ricorso ad altre tecniche informatiche potenzialmente pregiudizievoli per la riservatezza della navigazione degli utenti e non consentono l\u2019acquisizione di dati personali identificativi dell\u2019utente.<\/p>\n<p style=\"text-align: justify;\"><strong>Google Analytics<\/strong><br>\nQuesto sito web utilizza Google Analytics, un servizio di analisi web fornito da Google Inc. (\u201cGoogle\u201d). Google Analytics utilizza i cosiddetti \u201ccookie\u201d, dei file di testo che vengono salvati sul Vostro computer per consentire l\u2019analisi dell\u2019utilizzo del sito web. Le informazioni sull\u2019utilizzo del sito web (incluso il Vostro indirizzo IP) ottenute tramite i cookie verranno inviate e memorizzate in un server di Google negli Stati Uniti. Google utilizzer\u00e0 queste informazioni allo scopo di analizzare il Vostro utilizzo del sito web, stilare report sul traffico del sito web per il titolare del sito e offrire ulteriori servizi relativi all\u2019utilizzo del sito web e di Internet. Google pu\u00f2 anche trasmettere queste informazioni a terzi ove ci\u00f2 sia prescritto dalla legge o laddove tali terzi trattino le suddette informazioni per conto di Google. In nessun caso Google assocer\u00e0 il Vostro indirizzo IP ad altri dati posseduti da Google. Potete evitare l\u2019installazione dei cookie modificando le impostazioni del Vostro browser, facciamo tuttavia presente che ci\u00f2 potrebbe impedirvi di utilizzare tutte le funzionalit\u00e0 di questo sito web. Utilizzando il presente sito web, acconsentite al trattamento dei Vostri dati da parte di Google per le modalit\u00e0 e i fini sopraindicati. Potete revocare in ogni momento il Vostro consenso alla futura raccolta e memorizzazione dei dati. A tal fine, i nostri contatti sono riportati nelle note legali.<\/p>\n<p style=\"text-align: justify;\"><strong>Social Plugin<\/strong><br>\nQuesto sito utilizza i plugins del social network Facebook (Facebook Inc., 1601 S. California Ave, Palo Alto, CA 94304, USA); Twitter (Twitter Inc.,1355 Market Street, Suite 900, San Francisco, CA 94103 U.S.A); Google+ (Google Inc. 1600 Amphitheatre Parkway Mountain View, CA 94043) e Linked In (LinkedIn Corporation, 2029 Stierlin Court, Mountain View, California 94043, USA). Riconoscete il plugin grazie ai loghi dei vari social. Quando visitate le nostre pagine, il plugin stabilisce una connessione diretta tra il browser e il server dei social media in oggetto. I social media ricevono quindi l\u2019informazione che con il vostro indirizzo IP avete visitato il nostro sito. Se si fa clic sui pulsanti di condivisione, mentre si \u00e8 connessi ai propri account social, \u00e8 possibile collegare il contenuto delle nostre pagine al proprio profilo social. In tal modo i social media in oggetto possono correlare la visita al nostro sito con il proprio account utente che si sta utilizzando. Si precisa che non siamo a conoscenza del contenuto dei dati trasmessi, n\u00e9 dell\u2019uso che ne faranno i social media in oggetto.<\/p>\n<p><strong>Diritti degli interessati: <\/strong>i&nbsp;soggetti cui si riferiscono i dati personali hanno il diritto in qualunque momento di ottenere l\u2019accesso ai propri dati, di verificarne l\u2019esattezza chiedendone l\u2019integrazione oppure la rettificazione (artt. 15 e sgg. del RGPD).<br>\nAi sensi dei medesimi articoli si ha il diritto di chiedere la cancellazione, la limitazione del trattamento in caso di violazione di legge, nonch\u00e9 di opporsi in ogni caso, per motivi legittimi, al loro trattamento.<br>\n<strong>La richiesta di cancellazione \u00e8 disponibile <a href=\"http:\/\/afi-ipl.org\/wp-content\/uploads\/IT-Richiesta-di-esercizio-del-diritto-sui-propri-dati.pdf\">qui<\/a>.<\/strong><br>\nIn caso di mancata risposta entro il termine di 30 giorni dalla presentazione della richiesta, l\u2019IPL | Istituto Promozione Lavoratori si riserva il diritto di proroga motivata fino a 60 giorni per ragioni dovute alla complessit\u00e0 o all&#8217;elevato numero di richieste. \u00c8 inoltre facolt\u00e0 dell\u2019interessato rivolgersi all&#8217;autorit\u00e0 giurisdizionale ovvero proporre reclamo all&#8217;Autorit\u00e0 Garante per la protezione dei dati, laddove ritenga che i Suoi dati siano stati trattati in modo illegittimo o non conforme.<\/p>\n\n\n<p class=\"\"><button href=\"#consent-change\" id=\"rcb-sc-link-change\" data-success-message=\"\" class=\"rcb-sc-link rcb-sc-link-change\">Cambiare le impostazioni della privacy<\/button><\/p>\n<p class=\"\"><button href=\"#consent-history\" id=\"rcb-sc-link-history\" data-success-message=\"\" class=\"rcb-sc-link rcb-sc-link-history\">Storia delle impostazioni della privacy<\/button><\/p>\n<p class=\"\"><button href=\"#consent-revoke\" id=\"rcb-sc-link-revoke\" data-success-message=\"Hai revocato con successo il tuo consenso. La pagina verr\u00e0 ora ricaricata.\" class=\"rcb-sc-link rcb-sc-link-revoke\">Revocare i consensi<\/button><\/p>\n","protected":false},"excerpt":{"rendered":"<p>PRIVACY POLICY AI SENSI DELL\u2019ART. 13 DEL GDPR 2016\/679 In questa pagina si descrivono le modalit\u00e0 di gestione del sito in riferimento al trattamento dei dati personali degli utenti che lo consultano. La presente informativa \u00e8 resa ai sensi dell\u2019art. 13 del Regolamento Europeo 2016\/679 sulla protezione dei dati personali a coloro che interagiscono con [&hellip;]<\/p>\n","protected":false},"author":20,"featured_media":0,"parent":0,"menu_order":0,"comment_status":"closed","ping_status":"closed","template":"","meta":{"_monsterinsights_skip_tracking":false,"_monsterinsights_sitenote_active":false,"_monsterinsights_sitenote_note":"","_monsterinsights_sitenote_category":0},"acf":[],"_links":{"self":[{"href":"https:\/\/projekt.afi-ipl.org\/it\/wp-json\/wp\/v2\/pages\/14213"}],"collection":[{"href":"https:\/\/projekt.afi-ipl.org\/it\/wp-json\/wp\/v2\/pages"}],"about":[{"href":"https:\/\/projekt.afi-ipl.org\/it\/wp-json\/wp\/v2\/types\/page"}],"author":[{"embeddable":true,"href":"https:\/\/projekt.afi-ipl.org\/it\/wp-json\/wp\/v2\/users\/20"}],"replies":[{"embeddable":true,"href":"https:\/\/projekt.afi-ipl.org\/it\/wp-json\/wp\/v2\/comments?post=14213"}],"version-history":[{"count":19,"href":"https:\/\/projekt.afi-ipl.org\/it\/wp-json\/wp\/v2\/pages\/14213\/revisions"}],"predecessor-version":[{"id":74672,"href":"https:\/\/projekt.afi-ipl.org\/it\/wp-json\/wp\/v2\/pages\/14213\/revisions\/74672"}],"wp:attachment":[{"href":"https:\/\/projekt.afi-ipl.org\/it\/wp-json\/wp\/v2\/media?parent=14213"}],"curies":[{"name":"wp","href":"https:\/\/api.w.org\/{rel}","templated":true}]}}