{"id":11991,"date":"2016-03-14T15:58:29","date_gmt":"2016-03-14T14:58:29","guid":{"rendered":"http:\/\/afi-ipl.org\/it\/amministrazione-trasparente\/10-kontrollen-ueber-unternehmen\/"},"modified":"2019-07-09T11:46:51","modified_gmt":"2019-07-09T09:46:51","slug":"10-controlli-sulle-imprese","status":"publish","type":"page","link":"https:\/\/projekt.afi-ipl.org\/it\/amministrazione-trasparente\/10-controlli-sulle-imprese\/","title":{"rendered":"10. Controlli sulle imprese"},"content":{"rendered":"<p><strong>Riferimento normativo<\/strong>: art. 25 c.1, D.Lgs. n. 33\/2013<br \/>\n1.Le pubbliche amministrazioni, in modo dettagliato e facilmente comprensibile, pubblicano sul proprio sito istituzionale e sul sito: www.impresainungiorno.gov.it: a) l&#8217;elenco delle tipologie di controllo a cui sono assoggettate le imprese in ragione della dimensione e del settore di attivit\u00e0, indicando per ciascuna di esse i criteri e le relative modalit\u00e0 di svolgimento; b) l&#8217;elenco degli obblighi e degli adempimenti oggetto delle attivit\u00e0 di controllo che le imprese sono tenute a rispettare per ottemperare alle disposizioni normative.<\/p>\n<p>L\u2019art. 25 del decreto legislativo 14 marzo 2013, n. 33 \u00e8 stato abrogato dal decreto legislativo 25 maggio 2016, n. 97.<\/p>\n","protected":false},"excerpt":{"rendered":"<p>Riferimento normativo: art. 25 c.1, D.Lgs. n. 33\/2013 1.Le pubbliche amministrazioni, in modo dettagliato e facilmente comprensibile, pubblicano sul proprio sito istituzionale e sul sito: www.impresainungiorno.gov.it: a) l&#8217;elenco delle tipologie di controllo a cui sono assoggettate le imprese in ragione della dimensione e del settore di attivit\u00e0, indicando per ciascuna di esse i criteri e [&hellip;]<\/p>\n","protected":false},"author":20,"featured_media":0,"parent":3168,"menu_order":0,"comment_status":"closed","ping_status":"closed","template":"","meta":{"_monsterinsights_skip_tracking":false,"_monsterinsights_sitenote_active":false,"_monsterinsights_sitenote_note":"","_monsterinsights_sitenote_category":0},"acf":[],"_links":{"self":[{"href":"https:\/\/projekt.afi-ipl.org\/it\/wp-json\/wp\/v2\/pages\/11991"}],"collection":[{"href":"https:\/\/projekt.afi-ipl.org\/it\/wp-json\/wp\/v2\/pages"}],"about":[{"href":"https:\/\/projekt.afi-ipl.org\/it\/wp-json\/wp\/v2\/types\/page"}],"author":[{"embeddable":true,"href":"https:\/\/projekt.afi-ipl.org\/it\/wp-json\/wp\/v2\/users\/20"}],"replies":[{"embeddable":true,"href":"https:\/\/projekt.afi-ipl.org\/it\/wp-json\/wp\/v2\/comments?post=11991"}],"version-history":[{"count":5,"href":"https:\/\/projekt.afi-ipl.org\/it\/wp-json\/wp\/v2\/pages\/11991\/revisions"}],"predecessor-version":[{"id":47247,"href":"https:\/\/projekt.afi-ipl.org\/it\/wp-json\/wp\/v2\/pages\/11991\/revisions\/47247"}],"up":[{"embeddable":true,"href":"https:\/\/projekt.afi-ipl.org\/it\/wp-json\/wp\/v2\/pages\/3168"}],"wp:attachment":[{"href":"https:\/\/projekt.afi-ipl.org\/it\/wp-json\/wp\/v2\/media?parent=11991"}],"curies":[{"name":"wp","href":"https:\/\/api.w.org\/{rel}","templated":true}]}}